{"id":7797,"date":"2021-07-26T12:21:56","date_gmt":"2021-07-26T16:21:56","guid":{"rendered":"https:\/\/calacscharlevoix.com\/actualites\/"},"modified":"2026-03-05T11:53:17","modified_gmt":"2026-03-05T16:53:17","slug":"noticias","status":"publish","type":"page","link":"https:\/\/calacscharlevoix.com\/es\/noticias\/","title":{"rendered":"Noticias"},"content":{"rendered":"\t\t<div data-elementor-type=\"wp-page\" data-elementor-id=\"7797\" class=\"elementor elementor-7797 elementor-766\" data-elementor-post-type=\"page\">\n\t\t\t\t\t\t<section class=\"elementor-section elementor-top-section elementor-element elementor-element-daaef77 elementor-section-boxed elementor-section-height-default elementor-section-height-default\" data-id=\"daaef77\" data-element_type=\"section\" data-e-type=\"section\">\n\t\t\t\t\t\t<div class=\"elementor-container elementor-column-gap-default\">\n\t\t\t\t\t<div class=\"elementor-column elementor-col-100 elementor-top-column elementor-element elementor-element-734a774\" data-id=\"734a774\" data-element_type=\"column\" data-e-type=\"column\">\n\t\t\t<div class=\"elementor-widget-wrap elementor-element-populated\">\n\t\t\t\t\t\t<div class=\"elementor-element elementor-element-bc86f1a elementor-widget elementor-widget-text-editor\" data-id=\"bc86f1a\" data-element_type=\"widget\" data-e-type=\"widget\" data-widget_type=\"text-editor.default\">\n\t\t\t\t<div class=\"elementor-widget-container\">\n\t\t\t\t\t\t\t\t\t<p>La mayor\u00eda de los art\u00edculos est\u00e1n disponibles solo en franc\u00e9s. <a href=\"\/fr\/actualites\"><strong>Haz clic aqu\u00ed<\/strong><\/a> para ver la lista completa.<\/p>\t\t\t\t\t\t\t\t<\/div>\n\t\t\t\t<\/div>\n\t\t\t\t\t<\/div>\n\t\t<\/div>\n\t\t\t\t\t<\/div>\n\t\t<\/section>\n\t\t\t\t<\/div>\n\t\t","protected":false},"excerpt":{"rendered":"<p>La mayor\u00eda de los art\u00edculos est\u00e1n disponibles solo en franc\u00e9s. Haz clic aqu\u00ed para ver la lista completa. 5 f\u00e9vrier 2026 Non cat\u00e9goris\u00e9 Le programme Empreinte &#8211; Pr\u00e9venir les violences [&hellip;]<\/p>\n","protected":false},"author":1,"featured_media":0,"parent":0,"menu_order":0,"comment_status":"closed","ping_status":"closed","template":"tpl-default-elementor.php","meta":{"_price":"","_stock":"","_tribe_ticket_header":"","_tribe_default_ticket_provider":"","_tribe_ticket_capacity":"0","_ticket_start_date":"","_ticket_end_date":"","_tribe_ticket_show_description":"","_tribe_ticket_show_not_going":false,"_tribe_ticket_use_global_stock":"","_tribe_ticket_global_stock_level":"","_global_stock_mode":"","_global_stock_cap":"","_tribe_rsvp_for_event":"","_tribe_ticket_going_count":"","_tribe_ticket_not_going_count":"","_tribe_tickets_list":"[]","_tribe_ticket_has_attendee_info_fields":false,"footnotes":""},"class_list":["post-7797","page","type-page","status-publish","hentry"],"_links":{"self":[{"href":"https:\/\/calacscharlevoix.com\/es\/wp-json\/wp\/v2\/pages\/7797","targetHints":{"allow":["GET"]}}],"collection":[{"href":"https:\/\/calacscharlevoix.com\/es\/wp-json\/wp\/v2\/pages"}],"about":[{"href":"https:\/\/calacscharlevoix.com\/es\/wp-json\/wp\/v2\/types\/page"}],"author":[{"embeddable":true,"href":"https:\/\/calacscharlevoix.com\/es\/wp-json\/wp\/v2\/users\/1"}],"replies":[{"embeddable":true,"href":"https:\/\/calacscharlevoix.com\/es\/wp-json\/wp\/v2\/comments?post=7797"}],"version-history":[{"count":7,"href":"https:\/\/calacscharlevoix.com\/es\/wp-json\/wp\/v2\/pages\/7797\/revisions"}],"predecessor-version":[{"id":7965,"href":"https:\/\/calacscharlevoix.com\/es\/wp-json\/wp\/v2\/pages\/7797\/revisions\/7965"}],"wp:attachment":[{"href":"https:\/\/calacscharlevoix.com\/es\/wp-json\/wp\/v2\/media?parent=7797"}],"curies":[{"name":"wp","href":"https:\/\/api.w.org\/{rel}","templated":true}]}}